{"id":4074,"date":"2021-04-13T17:28:46","date_gmt":"2021-04-13T14:28:46","guid":{"rendered":"https:\/\/buwelco.com\/datenschutzerklaerung\/"},"modified":"2021-04-16T16:45:05","modified_gmt":"2021-04-16T13:45:05","slug":"datenschutzerklaerung","status":"publish","type":"page","link":"https:\/\/buwelco.com\/de\/datenschutzerklaerung\/","title":{"rendered":"Datenschutzerkl\u00e4rung"},"content":{"rendered":"\t\t<div data-elementor-type=\"wp-page\" data-elementor-id=\"4074\" class=\"elementor elementor-4074 elementor-2518\" data-elementor-post-type=\"page\">\n\t\t\t\t\t\t<section class=\"elementor-section elementor-top-section elementor-element elementor-element-4b356de elementor-section-boxed elementor-section-height-default elementor-section-height-default\" data-id=\"4b356de\" data-element_type=\"section\" data-e-type=\"section\">\n\t\t\t\t\t\t<div class=\"elementor-container elementor-column-gap-default\">\n\t\t\t\t\t<div class=\"elementor-column elementor-col-50 elementor-top-column elementor-element elementor-element-9f3f8b9\" data-id=\"9f3f8b9\" data-element_type=\"column\" data-e-type=\"column\">\n\t\t\t<div class=\"elementor-widget-wrap elementor-element-populated\">\n\t\t\t\t\t\t<div class=\"elementor-element elementor-element-15062ca elementor-toc--content-ellipsis elementor-toc--minimized-on-none elementor-widget elementor-widget-global elementor-global-4172 elementor-global-2961 elementor-widget-table-of-contents\" data-id=\"15062ca\" data-element_type=\"widget\" data-e-type=\"widget\" data-settings=\"{&quot;headings_by_tags&quot;:[&quot;h6&quot;],&quot;exclude_headings_by_selector&quot;:[],&quot;marker_view&quot;:&quot;bullets&quot;,&quot;icon&quot;:{&quot;value&quot;:&quot;fas fa-chevron-right&quot;,&quot;library&quot;:&quot;fa-solid&quot;},&quot;minimized_on&quot;:&quot;none&quot;,&quot;sticky&quot;:&quot;top&quot;,&quot;sticky_offset&quot;:20,&quot;sticky_effects_offset&quot;:20,&quot;sticky_parent&quot;:&quot;yes&quot;,&quot;no_headings_message&quot;:&quot;Es wurden keine \\u00dcberschriften auf dieser Seite gefunden.&quot;,&quot;minimize_box&quot;:&quot;yes&quot;,&quot;hierarchical_view&quot;:&quot;yes&quot;,&quot;min_height&quot;:{&quot;unit&quot;:&quot;px&quot;,&quot;size&quot;:&quot;&quot;,&quot;sizes&quot;:[]},&quot;min_height_tablet&quot;:{&quot;unit&quot;:&quot;px&quot;,&quot;size&quot;:&quot;&quot;,&quot;sizes&quot;:[]},&quot;min_height_mobile&quot;:{&quot;unit&quot;:&quot;px&quot;,&quot;size&quot;:&quot;&quot;,&quot;sizes&quot;:[]},&quot;sticky_on&quot;:[&quot;desktop&quot;,&quot;tablet&quot;,&quot;mobile&quot;],&quot;sticky_anchor_link_offset&quot;:0}\" data-widget_type=\"table-of-contents.default\">\n\t\t\t\t<div class=\"elementor-widget-container\">\n\t\t\t\t\t\t\t\t\t<div class=\"elementor-toc__header\">\n\t\t\t\t\t\t<div class=\"elementor-toc__header-title\">\n\t\t\t\tInhalt\t\t\t<\/div>\n\t\t\t\t\t\t\t\t\t\t<div class=\"elementor-toc__toggle-button elementor-toc__toggle-button--expand\" role=\"button\" tabindex=\"0\" aria-controls=\"elementor-toc__15062ca\" aria-expanded=\"true\" aria-label=\"Inhaltsverzeichnis \u00f6ffnen\"><i aria-hidden=\"true\" class=\"fas fa-chevron-down\"><\/i><\/div>\n\t\t\t\t<div class=\"elementor-toc__toggle-button elementor-toc__toggle-button--collapse\" role=\"button\" tabindex=\"0\" aria-controls=\"elementor-toc__15062ca\" aria-expanded=\"true\" aria-label=\"Inhaltsverzeichnis schlie\u00dfen\"><i aria-hidden=\"true\" class=\"fas fa-chevron-up\"><\/i><\/div>\n\t\t\t\t\t<\/div>\n\t\t\t\t<div id=\"elementor-toc__15062ca\" class=\"elementor-toc__body\">\n\t\t\t<div class=\"elementor-toc__spinner-container\">\n\t\t\t\t<i class=\"elementor-toc__spinner eicon-animation-spin eicon-loading\" aria-hidden=\"true\"><\/i>\t\t\t<\/div>\n\t\t<\/div>\n\t\t\t\t\t\t<\/div>\n\t\t\t\t<\/div>\n\t\t\t\t\t<\/div>\n\t\t<\/div>\n\t\t\t\t<div class=\"elementor-column elementor-col-50 elementor-top-column elementor-element elementor-element-b8cc35f\" data-id=\"b8cc35f\" data-element_type=\"column\" data-e-type=\"column\">\n\t\t\t<div class=\"elementor-widget-wrap elementor-element-populated\">\n\t\t\t\t\t\t<div class=\"elementor-element elementor-element-c24e59d elementor-widget elementor-widget-text-editor\" data-id=\"c24e59d\" data-element_type=\"widget\" data-e-type=\"widget\" data-widget_type=\"text-editor.default\">\n\t\t\t\t<div class=\"elementor-widget-container\">\n\t\t\t\t\t\t\t\t\t<p>Die vorliegende Erkl\u00e4rung beschreibt, auf welche Weise Buwelco personenbezogene Daten behandelt und verarbeitet, die Buwelco \u00fcber das Internet erfasst und erhalten hat.<\/p>\n<h6><strong>Datenschutzerkl\u00e4rung zur Verwendung der Website und der Verwendung von Cookies<\/strong><\/h6>\n<p>Buwelco ist sich der Bedeutung der Privatsph\u00e4re und des Schutzes der personenbezogenen Daten ihrer Kunden bewusst. Die vorliegende Erkl\u00e4rung beschreibt, wie wir erfasste personenbezogene Daten behandeln und verarbeiten.<\/p>\n<ol>\n<li><strong>Anwendungsbereich<\/strong><\/li>\n<\/ol>\n<p>Diese Website wird von Laborex verwaltet. Uns ist wichtig, eine Umgebung zu schaffen und zu pflegen, in der unsere Kunden sicher sein k\u00f6nnen, dass ihre Daten nicht missbr\u00e4uchlich verwendet werden.<\/p>\n<p>Wir befolgen alle ma\u00dfgeblichen Rechtsvorschriften zum Datenschutz, darunter die Datenschutz-Grundverordnung 2016\/679 und die nationalen Rechtsvorschriften zum Datenschutz. Diese Rechtsvorschriften regeln den Schutz Ihrer personenbezogenen Daten und Ihre Rechte bez\u00fcglich dieser personenbezogenen Daten.<\/p>\n<p>Die vorliegende Erkl\u00e4rung beschreibt, welche personenbezogenen Daten wir erfassen und wie diese verwendet werden, nachdem Sie unsere Website genutzt haben. Au\u00dferdem erkl\u00e4ren wir, wie wir sicherstellen, dass Ihre Daten auf korrekte Weise behandelt werden.<\/p>\n<ol start=\"2\">\n<li><strong>Welche personenbezogenen Daten werden verarbeitet?<\/strong><\/li>\n<\/ol>\n<p>Unsere Website kann grunds\u00e4tzlich ohne die Angabe personenbezogener Daten genutzt werden.<\/p>\n<p>Zu den nachfolgend genannten Zwecken kann Buwelco folgende Arten personenbezogener Daten erfassen und verarbeiten:<\/p>\n<ul>\n<li>Name, Anrede, Anschrift;<\/li>\n<li>Kontaktdaten (E-Mail-Adresse, Telefonnummer);<\/li>\n<li>Unternehmen;<\/li>\n<li>&#8230;.<\/li>\n<\/ul>\n<p>Falls Sie ein Formular auf unserer Website ausf\u00fcllen oder mit uns in Kontakt getreten sind (telefonisch, per E-Mail, auf Messen oder Veranstaltungen) haben Sie uns m\u00f6glicherweise zus\u00e4tzliche\/optionale Informationen zur Verf\u00fcgung gestellt.<\/p>\n<p>Zudem k\u00f6nnen wir Informationen erfassen und verarbeiten, die uns \u00fcber die Website oder \u00fcber die von Ihnen verwendeten Ger\u00e4te zug\u00e4nglich werden. Dabei kann es sich um Folgendes handeln:<\/p>\n<ul>\n<li>Standortdaten (Informationen zum Standort aus sozialen Medien oder IP-Adresse Ihres Ger\u00e4ts; GPS-Signale, die von einem mobilen Ger\u00e4t versendet werden);<\/li>\n<li>Informationen aus Cookies, Tracking-Pixeln oder dem Internet. Diese Informationen werden automatisch erfasst und k\u00f6nnen sich auf die Websites beziehen, die Sie vor unserer Website besucht haben oder zu der Sie von unserer Website aus navigieren. Au\u00dferdem k\u00f6nnen wir Informationen zu den einzelnen Seiten unserer Website erfassen, die Sie besuchen, Ihrer IP-Adresse, Ihrem Browser, der Uhrzeit und dem Datum des Zugriffs sowie Ihrem Betriebssystem. Diese Informationen werden aggregiert und nicht dazu genutzt, um Sie zu identifizieren. In den Abschnitten zum Einsatz von Cookies wird n\u00e4her beschrieben, wie dies erfolgt;<\/li>\n<li>Daten, die wir \u00fcber andere Websites erhalten, zB. wenn Sie eine Verkn\u00fcpfung zu Ihrem Facebook-Benutzerkonto herstellen;<\/li>\n<li>Telefongespr\u00e4che, die wir zur Verbesserung unserer Servicequalit\u00e4t oder zu Trainingszwecken aufzeichnen;<\/li>\n<li>&#8230;..<\/li>\n<\/ul>\n<p>Buwelco kann au\u00dferdem \u00f6ffentlich zug\u00e4ngliche Informationen erfassen, um zuvor gesammelte Daten zu \u00fcberpr\u00fcfen und unsere T\u00e4tigkeiten zu pflegen und zu erweitern.<\/p>\n<ol start=\"3\">\n<li><strong>Aus welchen Gr\u00fcnden werden die Informationen erfasst?<\/strong><\/li>\n<\/ol>\n<p>Buwelco erfasst die oben genannten Informationen, um Einblick in Ihre Bed\u00fcrfnisse zu erhalten und Ihnen einen besseren Service bieten zu k\u00f6nnen, sowie zu folgenden Zwecken:<\/p>\n<ul>\n<li>um auf Ihre (online gestellten) Fragen zu unseren Produkten und Dienstleistungen zu antworten, Informationen zu unseren Produkten zur Verf\u00fcgung zu stellen und Ihnen den Zugang zu Online-Angeboten zu erm\u00f6glichen;<\/li>\n<li>um von Ihnen bestellte Produkte zu liefern und Dienstleistungen zu erbringen;<\/li>\n<li>um Ihre Identit\u00e4t und Ihre Finanzdaten zur Bezahlung unserer Produkte und Dienstleistungen zu pr\u00fcfen;<\/li>\n<li>um unsere Produkte und Dienstleistungen zu verbessern;<\/li>\n<li>um Beschwerden zu unseren Produkten und Dienstleistungen oder in Bezug auf unsere Website nachzugehen;<\/li>\n<li>um unsere gesetzlichen und regulatorischen Pflichten sowie unsere Compliance-Verpflichtungen zu erf\u00fcllen;<\/li>\n<li>um die Nutzung von Konten zu analysieren und zu \u00fcberwachen mit dem Ziel, Missbrauch, Terrorismus, Betrug, Sicherheitsvorf\u00e4lle und Kriminalit\u00e4t zu verhindern, zu untersuchen und\/oder den zust\u00e4ndigen Beh\u00f6rden zu melden;<\/li>\n<li>um regelm\u00e4\u00dfige E-Mails mit Angeboten zu Produkten und Dienstleistungen, Sonderangeboten und sonstigen Informationen zu versenden, die wir als interessant f\u00fcr Sie erachten;<\/li>\n<li>von Zeit zu Zeit kontaktieren wir Sie f\u00fcr Marktforschung; um uns gelegentlich zu Marktforschungszwecken per E-Mail oder telefonisch an Sie zu wenden;<\/li>\n<li>um Ihre personenbezogenen Daten zu bestimmten, auf entsprechenden Formularen unserer Website, in schriftlichen Mitteilungen oder per E-Mail genannten Zwecken zu verarbeiten;<\/li>\n<li>&#8230;.<\/li>\n<\/ul>\n<ol start=\"4\">\n<li><strong>Wie werden Ihre Daten verwendet und weitergegeben?<\/strong><\/li>\n<\/ol>\n<p>Buwelco kann Ihre personenbezogenen Daten weitergeben an:<\/p>\n<ul>\n<li>Unternehmen, die zu unserer Unternehmensgruppe geh\u00f6ren, bzw. Tochterunternehmen;<\/li>\n<li>Dritte, sofern Sie uns gestattet haben, Ihre personenbezogenen Daten an diese weiterzugeben, wie z. B. Facebook oder andere Anbieter sozialer Medien, falls Sie Ihr Nutzerkonto bei diesen mit unserer Seite verkn\u00fcpft haben;<\/li>\n<\/ul>\n<p>Aus berechtigtem Interesse d\u00fcrfen wir Ihre personenbezogenen Daten auch mit Dritten teilen, die unsere Produkte und Dienstleistungen unterst\u00fctzen. Zu solchen T\u00e4tigkeiten Dritter z\u00e4hlen beispielsweise Webhosting, Datenanalysen, Anbieter von Marketingsupport oder Kundenservice. Diese Unternehmen erhalten nur dann Zugriff auf Ihre personenbezogenen Daten, falls dies zur Aus\u00fcbung ihrer T\u00e4tigkeiten absolut unerl\u00e4sslich ist. Sie d\u00fcrfen Ihre Daten zu keinen anderen Zwecken verwenden.<\/p>\n<h6><strong>Ihre personenbezogenen Daten werden nicht an Dritte verkauft oder vermietet.<\/strong><\/h6>\n<p>Wir k\u00f6nnen Ihre personenbezogenen Daten ver\u00f6ffentlichen, um unsere Richtlinien einzuhalten und unsere gesetzlichen Verpflichtungen zu erf\u00fcllen, oder f\u00fcr Zwecke der Sicherheit, des \u00f6ffentlichen Interesses oder der Strafverfolgung in allen L\u00e4ndern, in denen wir Niederlassungen haben. Dies k\u00f6nnen beispielsweise Gesuche von Strafverfolgungs-, Regulierungs- und anderen Beh\u00f6rden sein, die wir erf\u00fcllen m\u00fcssen. Dar\u00fcber hinaus k\u00f6nnen wir Daten im Zusammenhang mit tats\u00e4chlichen oder vorgestellten Rechtssachen ver\u00f6ffentlichen oder um unser Eigentum, unsere Sicherheit, Menschen oder sonstige Rechte und Interessen zu sch\u00fctzen.<\/p>\n<p>Sollten die Gesch\u00e4ftst\u00e4tigkeiten von Laborex verkauft oder mit einem anderen Unternehmen verbunden werden, werden Ihre Daten den Beratern m\u00f6glicher K\u00e4ufer zur Verf\u00fcgung gestellt sowie an die neuen Eigent\u00fcmer des Unternehmens \u00fcbertragen. In einem solchen Falle ergreifen wir angemessene Ma\u00dfnahmen zum Schutz der Integrit\u00e4t und der Geheimhaltung Ihrer personenbezogenen Daten. F\u00fcr die Nutzung Ihrer personenbezogenen Daten gilt dabei allerdings weiterhin die vorliegende Erkl\u00e4rung.<\/p>\n<ol start=\"5\">\n<li><strong>\u00dcbertragung Ihrer personenbezogenen Daten<\/strong><\/li>\n<\/ol>\n<p>Wir k\u00f6nnen Ihre personenbezogenen Daten an Dritte \u00fcbertragen, die sich in Drittl\u00e4ndern (au\u00dferhalb des Europ\u00e4ischen Wirtschaftsraums (EWR)) befinden. Eine solche Daten\u00fcbertragung au\u00dferhalb des EWR ist zul\u00e4ssig, sofern sich der Empf\u00e4nger der Daten in einem Land befindet, in dem gem\u00e4\u00df Angemessenheitsentscheidung der Europ\u00e4ischen Kommission ein geeignetes Schutzniveau herrscht. Es kann sein, dass es in einigen dieser L\u00e4nder keine \u00e4quivalenten Rechtsvorschriften zum Zwecke des Datenschutzes gibt, um Ihre personenbezogenen Daten zu sch\u00fctzen. F\u00fcr diese F\u00e4lle haben wir gepr\u00fcft, ob geeignete Schutzma\u00dfnahmen wie in der EU m\u00f6glich sind, beispielsweise indem wir entsprechende Bestimmungen in unsere Standardvertr\u00e4ge aufnehmen. Im Einzelfall bitten wir Sie um vorherige Zustimmung zur \u00dcbertragung Ihrer personenbezogenen Daten au\u00dferhalb des EWR. Um weitere Informationen zur Daten\u00fcbertragung zu erhalten, gehen Sie wie im Abschnitt \u201eRechte der betroffenen Person\u201c beschriebenen.<\/p>\n<ol start=\"6\">\n<li><strong>Wie verwenden wir Cookies?<\/strong><\/li>\n<\/ol>\n<p>Einige Funktionen dieser Website sollen Ihr Online-Nutzererlebnis verbessern und funktionieren nur mit aktivierten Cookies. Wir nutzen Cookies au\u00dferdem, um Informationen \u00fcber Ihre Online-Pr\u00e4ferenzen zu sammeln. Cookies sind kleine Textdateien, die Informationen enthalten. Sie werden vom Webserver an Ihren Browser gesendet. So kann der Server den Browser auf allen Seiten eindeutig identifizieren. Die Cookies werden auf Ihrem Endger\u00e4t (Computer, Tablet oder Telefon) gespeichert, wenn Sie eine Website besuchen.<\/p>\n<p>Cookies k\u00f6nnen Daten enthalten, die Sie als Person identifizieren. Cookies erm\u00f6glichen uns, Informationen \u00fcber die Nutzung von Websites zu erlangen. Diese Informationen k\u00f6nnen von uns oder von Dritten ausgewertet werden.<\/p>\n<h6><strong>Auf unserer Website verwenden wir folgende Arten von Cookies:<\/strong><\/h6>\n<ul>\n<li><strong>Notwendige Cookies<\/strong><\/li>\n<\/ul>\n<p>Diese Cookies sind erforderlich zur Navigation auf der Website und zur Nutzung der angebotenen Funktionen. Ohne diese Cookies sind bestimmte Funktionen nicht m\u00f6glich, wie z. B. Speichern Ihrer Anmeldedaten oder Lieferung der Produkte im Einkaufswagen.<\/p>\n<ul>\n<li><strong>Leistungsrelevante Cookies<\/strong><\/li>\n<\/ul>\n<p>Diese Cookies speichern anonyme Informationen \u00fcber die Art und Weise, wie Besucher unsere Website nutzen. Wir nutzen beispielsweise Google-Analytics-Cookies, um zu analysieren, woher Kunden zu unserer Website kommen, ihr Surfverhalten auszuwerten und zu ermitteln, welche Aspekte verbessert werden k\u00f6nnen, wie z. B. Navigation, Einkaufserlebnis und Werbekampagnen. Diese Cookies speichern keine personenbezogenen Informationen, die R\u00fcckschl\u00fcsse auf Ihre Identit\u00e4t zulassen.<\/p>\n<ul>\n<li><strong>Funktionsrelevante Cookies<\/strong><\/li>\n<\/ul>\n<p>Diese Cookies speichern von Ihnen getroffene Entscheidungen, z. B. das Land, von dem aus Sie die Website besuchen, die Sprachauswahl oder Suchparameter wie Gr\u00f6\u00dfe, Farbe oder Produktlinie. Diese Informationen k\u00f6nnen auch dazu genutzt werden, um Ihnen relevantere Inhalte aufgrund Ihrer Entscheidungen zu pr\u00e4sentieren und Ihren Website-Besuch angenehmer zu machen. Die von diesen Cookies gespeicherten Informationen k\u00f6nnen anonymisiert werden. Diese Cookies k\u00f6nnen Ihr Surfverhalten auf anderen Websites nicht aufzeichnen.<\/p>\n<ul>\n<li><strong>Social-Media-Cookies<\/strong><\/li>\n<\/ul>\n<p>Diese Cookies erlauben es, Ihre Aktionen auf unserer Website in sozialen Medien wie Facebook oder Twitter zu teilen. Diese Cookies unterliegen nicht unserer Kontrolle. F\u00fcr Informationen zur Funktion der einzelnen Cookies lesen Sie sich die Datenschutzerkl\u00e4rung des jeweiligen Anbieters durch.<\/p>\n<ul>\n<li><strong>Google Analytics<\/strong><\/li>\n<\/ul>\n<p>Wir nutzen Dienste von Drittanbietern, darunter Google Analytics, um Informationen zu den Besuchern unserer Website zu erfassen. Diese Informationen werden aggregiert und erm\u00f6glichen Einblick in statistische Angaben wie Anzahl der Besuche, durchschnittliche Besuchsdauer oder aufgerufene Seiten. Anhand dieser Informationen analysieren wir die Nutzung der Website und versuchen, die Inhalte und den Nutzen der Website zu optimieren.<\/p>\n<h6><strong>L\u00f6schen von Cookies und weitere Informationen zu Cookies<\/strong><\/h6>\n<p>Manche Cookies werden gel\u00f6scht, sobald Sie Ihren Browser schlie\u00dfen (Session-Cookies). Andere Cookies verbleiben bis zu einem bestimmten Ablaufdatum oder bis Sie Ihren Browsercache leeren auf Ihrem Ger\u00e4t (permanente Cookies bzw. Tracking-Cookies). Sie dienen dazu, Daten oder Einstellungen zu speichern, die bei einem folgenden Besuch der Website wieder angewendet werden.<\/p>\n<p>Um Cookies zu l\u00f6schen, die sich bereits auf Ihrem Computer befinden, lesen Sie sich die Hilfe bzw. die Dokumentation Ihres Webbrowsers durch. Dort sollte angegeben werden, in welchem Ordner Cookies gespeichert werden. Bei den meisten Browsers wird au\u00dferdem erkl\u00e4rt, wie Sie verhindern k\u00f6nnen, dass neue Cookies akzeptiert werden, wie Sie sich bei neuen Cookies benachrichtigen lassen k\u00f6nnen und wie Sie Cookies vollst\u00e4ndig deaktivieren k\u00f6nnen. Beachten Sie, dass bei vollst\u00e4ndig deaktivierten Cookies manche personalisierten Dienste m\u00f6glicherweise nicht mehr verf\u00fcgbar sind.<\/p>\n<p>Wenn Sie unsere Cookies l\u00f6schen oder blockieren, kann es sein, dass manche Bereiche oder Funktionen nicht mehr verf\u00fcgbar sind.<\/p>\n<p>Weitere Informationen zu Cookies finden Sie auf www.allaboutcookies.org. Auf der Website www.youronlinechoices.eu erhalten Sie Informationen zu angepasster Werbung und Datenschutz im Internet.<\/p>\n<ul>\n<li><strong>Tracking-Pixel<\/strong><\/li>\n<\/ul>\n<p>Einige unserer Webseiten k\u00f6nnen kleine Bilder enthalten, sog. \u201eTracking-Pixel\u201c (oder \u201eClear GIFs\u201c). Sie erm\u00f6glichen das Z\u00e4hlen der Besucher der einzelnen Seiten. In Tracking-Pixeln werden nur wenige Informationen gespeichert, z. B. Cookie-Nummer, Datum und Uhrzeit des Aufrufs einer Seite und Beschreibung der Seite, auf der sich das Tracking-Pixel befindet. Auch externe Werbepartner k\u00f6nnen derartige Tracking-Pixel platzieren. Diese Pixel enthalten keine identifizierbaren personenbezogenen Daten und dienen ausschlie\u00dflich dazu, die Wirksamkeit einer bestimmten Kampagne zu messen.<\/p>\n<ol start=\"7\">\n<li><strong>Rechte der betroffenen Person<\/strong><\/li>\n<\/ol>\n<p>Sie haben ein Einsichtsrecht in die \u00fcber Sie gespeicherten Informationen und das Recht, eine Kopie der Informationen zu erhalten, die wir \u00fcber Sie speichern. Bei \u00c4nderungen Ihrer personenbezogenen Daten haben Sie das Recht, die Berichtigung, Erg\u00e4nzung oder L\u00f6schung von veralteten, inkorrekten oder unvollst\u00e4ndigen Daten, die wir \u00fcber Sie speichern, zu verlangen. Zudem haben Sie das Recht, eine Beschr\u00e4nkung der Verarbeitung Ihrer Daten zu verlangen und Widerspruch gegen die Verarbeitung Ihrer personenbezogenen Daten einzulegen. Au\u00dferdem sind Sie berechtigt, die Sie betreffenden personenbezogenen Daten, die Sie einem Verantwortlichen bereitgestellt haben, in einem strukturierten, g\u00e4ngigen, maschinenlesbaren und interoperablen Format zu erhalten und sie einem anderen Verantwortlichen zu \u00fcbermitteln.<\/p>\n<p>Falls Sie bei Ihrer Registrierung auf der Website in den Bezug kommerzieller E-Mails, Newsletter usw. von Buwelco eingewilligt haben, haben Sie jederzeit die M\u00f6glichkeit, diesem Bezug zu widersprechen.<\/p>\n<p>Um sicherzustellen, dass Ihre Anfrage berechtigt ist und dass wir der richtigen Person antworten, die zum Aus\u00fcben der oben genannten Rechte und zum Erhalt entsprechender Informationen befugt ist, k\u00f6nnen wir einen Nachweis Ihrer Identit\u00e4t verlangen.<\/p>\n<p>Bitte beachten Sie, dass wir ggf. aufgrund datenschutzrechtlicher Bestimmungen den Zugriff auf Informationen verweigern bzw. Ihr Verlangen ablehnen k\u00f6nnen.<\/p>\n<p>F\u00fcr weitere Informationen zur Verarbeitung Ihrer personenbezogenen Daten oder zur Aus\u00fcbung Ihrer Rechte k\u00f6nnen Sie sich an uns wenden: <strong>+3<\/strong><strong>59<\/strong><strong> 3128 22 26 <\/strong> oder <a href=\"mailto:info@buwelco.com\">info@buwelco.com<\/a><\/p>\n<p>Sie sind berechtigt, bei der zust\u00e4ndigen Aufsichtsbeh\u00f6rde (f\u00fcr Datenschutz) Beschwerde einzureichen.<\/p>\n<ol start=\"8\">\n<li><strong>Sicherheit<\/strong><\/li>\n<\/ol>\n<p>Buwelco ist bem\u00fcht, die Sicherheit Ihrer Daten zu garantieren. Wir haben angemessene technische und organisatorische Ma\u00dfnahmen ergriffen, um Ihre personenbezogenen Daten vor einer Verletzung der Sicherheit zu sch\u00fctzen, die, ob unbeabsichtigt oder unrechtm\u00e4\u00dfig, zur Vernichtung, zum Verlust, zur Ver\u00e4nderung oder zur unbefugten Offenlegung von beziehungsweise zum unbefugten Zugang zu personenbezogenen Daten f\u00fchrt, die \u00fcbermittelt, gespeichert oder auf sonstige Weise verarbeitet wurden. Sie sollten jedoch beachten, dass das Internet ein offenes System ist und wir nicht garantieren k\u00f6nnen, dass Dritte diese Ma\u00dfnahmen nicht umgehen bzw. Ihre personenbezogenen Daten f\u00fcr unrechtm\u00e4\u00dfige Zwecke nutzen k\u00f6nnen.<\/p>\n<p>Diese Website kann Links zu externen Seiten enthalten. Buwelco ist f\u00fcr den Inhalt dieser externen Webseiten nicht verantwortlich und insbesondere nicht f\u00fcr die geltenden Vorschriften in Bezug auf den Datenschutz Dritter. Um den ausreichenden Schutz Ihrer personenbezogenen Daten sicherzustellen, lesen und verstehen Sie die ma\u00dfgeblichen Datenschutzerkl\u00e4rungen dieser Dritten, bevor Sie deren Cookies akzeptieren und deren Websites besuchen.<\/p>\n<ol start=\"9\">\n<li><strong>\u00c4nderungen der vorliegenden Erkl\u00e4rung<\/strong><\/li>\n<\/ol>\n<p>Buwelco kann die vorliegende Erkl\u00e4rung jederzeit anpassen und bearbeiten, um sicherzustellen, dass sie genau widerspiegelt, wie wir Ihre personenbezogenen Daten zu einem bestimmten Zeitpunkt verarbeiten. Die angepasste Version der vorliegenden Erkl\u00e4rung finden Sie auf derselben Webseite wie die vorliegende Version, und sie wird durch Ver\u00f6ffentlichung sofort wirksam. Bitte pr\u00fcfen Sie diese Webseite regelm\u00e4\u00dfig, um sicherzustellen, dass Sie stets genau wissen, welche Daten wir erfassen und verarbeiten, wie und unter welchen Umst\u00e4nden Ihre Daten genutzt werden und in welchen F\u00e4llen wir sie mit Dritten teilen.<\/p>\n\t\t\t\t\t\t\t\t<\/div>\n\t\t\t\t<\/div>\n\t\t\t\t\t<\/div>\n\t\t<\/div>\n\t\t\t\t\t<\/div>\n\t\t<\/section>\n\t\t\t\t<\/div>\n\t\t","protected":false},"excerpt":{"rendered":"<p>\u0421\u044a\u0434\u044a\u0440\u0436\u0430\u043d\u0438\u0435 Die vorliegende Erkl\u00e4rung beschreibt, auf welche Weise Buwelco personenbezogene Daten behandelt und verarbeitet, die Buwelco \u00fcber das Internet erfasst und erhalten hat. Datenschutzerkl\u00e4rung zur Verwendung der Website und der Verwendung von Cookies Buwelco ist sich der Bedeutung der Privatsph\u00e4re und des Schutzes der personenbezogenen Daten ihrer Kunden bewusst. Die vorliegende Erkl\u00e4rung beschreibt, wie wir [&hellip;]<\/p>\n","protected":false},"author":10,"featured_media":0,"parent":0,"menu_order":0,"comment_status":"closed","ping_status":"closed","template":"template\/full-width-template.php","meta":{"footnotes":""},"class_list":["post-4074","page","type-page","status-publish","hentry"],"_links":{"self":[{"href":"https:\/\/buwelco.com\/de\/wp-json\/wp\/v2\/pages\/4074","targetHints":{"allow":["GET"]}}],"collection":[{"href":"https:\/\/buwelco.com\/de\/wp-json\/wp\/v2\/pages"}],"about":[{"href":"https:\/\/buwelco.com\/de\/wp-json\/wp\/v2\/types\/page"}],"author":[{"embeddable":true,"href":"https:\/\/buwelco.com\/de\/wp-json\/wp\/v2\/users\/10"}],"replies":[{"embeddable":true,"href":"https:\/\/buwelco.com\/de\/wp-json\/wp\/v2\/comments?post=4074"}],"version-history":[{"count":0,"href":"https:\/\/buwelco.com\/de\/wp-json\/wp\/v2\/pages\/4074\/revisions"}],"wp:attachment":[{"href":"https:\/\/buwelco.com\/de\/wp-json\/wp\/v2\/media?parent=4074"}],"curies":[{"name":"wp","href":"https:\/\/api.w.org\/{rel}","templated":true}]}}